{"id":38,"date":"2024-04-20T14:41:09","date_gmt":"2024-04-20T14:41:09","guid":{"rendered":"https:\/\/backend.praxis-tillenburg.de\/?page_id=38"},"modified":"2025-04-02T18:21:45","modified_gmt":"2025-04-02T18:21:45","slug":"leistungsspektrum","status":"publish","type":"page","link":"https:\/\/backend.praxis-tillenburg.de\/index.php\/leistungsspektrum\/","title":{"rendered":"Leistungsspektrum"},"content":{"rendered":"<h1><span style=\"color: #c83c50;\">In unserer Praxis sind folgende Untersuchungen\/Leistungen m\u00f6glich:<\/span><\/h1>\n<p>&nbsp;<\/p>\n<p>pers\u00f6nliche Untersuchung durch den Arzt, stets fokussiert auf die aktuellen Beschwerden bzw. das gew\u00fcnschte Vorsorgeprogramm. Umfangreiche Labordiagnostik in Zusammenarbeit mit einem f\u00fchrenden Labor in D\u00fcsseldorf.<\/p>\n<p>&nbsp;<\/p>\n<h3><span style=\"color: #c83c50;\"><strong>Abkl\u00e4rung bei Verdacht auf Impfschaden nach Corona Gen-Spritze (&#8222;Impfung&#8220;)<\/strong><\/span><\/h3>\n<p>Laboruntersuchungen in Zusammenarbeit mit Labor Biovis Limburg, IMD Berlin und mmd Magdeburg (keine Kassenleistung)<br \/>\nBeratung zu Therapiem\u00f6glichkeiten und weiterer Diagnostik<\/p>\n<p>&nbsp;<\/p>\n<h3><span style=\"color: #c83c50;\"><strong>Alternative bzw. erg\u00e4nzende Krebstherapie nach amerikanisch-kanadischen Forschungen<\/strong><\/span><\/h3>\n<p>Es hat sich gezeigt, dass Chemo und Bestrahlung zur Behandlung von Krebserkrankungen oft nicht ausreichend sind.<\/p>\n<p>&nbsp;<\/p>\n<h3><span style=\"color: #c83c50;\"><strong>umfangreiche sonografische Untersuchungen (Sonografie = Ultraschall) auch in Farbe:<\/strong><\/span><\/h3>\n<p>Ultraschall des Bauchraumes und der ableitenden Harnwege<\/p>\n<p>Ultraschall der Schilddr\u00fcse unter Einschluss der Beurteilung der Durchblutung im Farbultraschall (keine Kassenleistung) <strong>(leider wegen Defekt des Schallkopfes aktuell nicht m\u00f6glich)<\/strong><\/p>\n<p>Lungensonografie z. B. bei Verdacht auf Lungenentz\u00fcndung (keine Kassenleistung)<\/p>\n<p>Vorsorgesonografie Aortenaneurysma<\/p>\n<p>Weichteilsonografie von Muskeln und Gewebe (keine Kassenleistung)<\/p>\n<p>Farbduplexsonografie der Blutgef\u00e4\u00dfe (Farbultraschall mit Bestimmung der Str\u00f6mungsverh\u00e4ltnisse &#8211; keine Kassenleistung)<\/p>\n<p>Beurteilung der Halsschlagader (Gehirndurchblutung) mit Bestimmung der Gef\u00e4\u00dfwanddicke der Halsschlagader als Vorhersage-Marker zur Beurteilung der Herzkranzgef\u00e4\u00dfverkalkung und koronaren Herzkrankheit (keine Kassenleistung) <strong>(leider wegen Defekt des Schallkopfes aktuell nicht m\u00f6glich)<\/strong><\/p>\n<p>Beurteilung der Durchblutung der Beinarterien bei V. a. pAVK (Durchblutungsst\u00f6rungen &#8211; keine Kassenleistung)<\/p>\n<p>Thrombose-Diagnostik mittels Kompressions-Sonographie<\/p>\n<p>&nbsp;<\/p>\n<h3><span style=\"color: #c83c50;\"><strong>EKG und kardiologische Untersuchungen:<\/strong><\/span><\/h3>\n<p>Belastungs-EKG<\/p>\n<p>Langzeit-EKG<\/p>\n<p>Messung des Sauerstoffgehalts im Blut<\/p>\n<p>Lungenfunktionsdiagnostik bei V. auf Asthma und COPD<\/p>\n<p>&nbsp;<\/p>\n<h3><span style=\"color: #c83c50;\"><strong>Chirurgie der Haut und Unterhaut:<\/strong><\/span><\/h3>\n<p>prim\u00e4r-chirurgische Wundversorgung bei Hautverletzungen<\/p>\n<p>kleine Chirurgie<\/p>\n<p>&nbsp;<\/p>\n<h3><span style=\"color: #c83c50;\"><strong>Spezial-Sprechstunde f\u00fcr chronische Wunden<\/strong><\/span><\/h3>\n<p>Behandlung chronischer Wunden gem\u00e4\u00df Richtlinien der ICW (Initiative chronische Wunden)<\/p>\n<p>T\u00dcV-zertifizierter &#8222;\u00e4rztlicher Wundexperte chronische Wunden&#8220;<\/p>\n<p>&nbsp;<\/p>\n<h3><span style=\"color: #c83c50;\"><strong>Vorsorgeuntersuchungen:<\/strong><\/span><\/h3>\n<p>Gesundheitsuntersuchungen nach den Vorgaben der Krankenkassen ab dem 35. Lebensjahr<\/p>\n<p>Krebsvorsorge beim Mann ab dem 45. LJ<\/p>\n<p>Hautkrebsvorsorgeuntersuchung inkl. Einsatz des Dermatoskops und Beurteilung von Hautver\u00e4nderungen unter Anwendung des Dermatoskopie-Scores.<\/p>\n<p>weitergehende Vorsorge nach Ihren W\u00fcnschen (gro\u00dfes Labor, Ultraschall, EKG usw. &#8211; keine Kassenleistung)<\/p>\n<p>&nbsp;<\/p>\n<h3><span style=\"color: #c83c50;\"><strong>Beratungen:<\/strong><\/span><\/h3>\n<p>\u00fcber die Erstellung von Patientenverf\u00fcgungen und medizinische Vorsorgevollmachten (keine Kassenleistung)<\/p>\n<p>Lebensf\u00fchrung<\/p>\n<p>Reisemedizinische und Impf-Beratung (keine Kassenleistung)<\/p>\n<p>&nbsp;<\/p>\n<p><span style=\"color: #c83c50;\"><strong>Bitte beachten Sie: Einige dieser Leistungen sind aufgrund gesetzlicher Regelungen in meiner Praxis nicht als Kassenleistung m\u00f6glich. Hierf\u00fcr m\u00fcssen wir Ihnen daher eine Rechnung stellen.<\/strong><\/span><\/p>\n<p><span style=\"color: #c83c50;\"><strong>\u00dcber den Hintergrund dieser gesetzlichen Regelungen informieren wir Sie gerne pers\u00f6nlich. Fragen Sie uns!<\/strong><\/span><\/p>\n","protected":false},"excerpt":{"rendered":"<p>In unserer Praxis sind folgende Untersuchungen\/Leistungen m\u00f6glich: &nbsp; pers\u00f6nliche Untersuchung durch den Arzt, stets fokussiert auf die aktuellen Beschwerden bzw. [&hellip;]<\/p>\n","protected":false},"author":1,"featured_media":305,"parent":0,"menu_order":0,"comment_status":"closed","ping_status":"closed","template":"","meta":{"_acf_changed":false,"site-sidebar-layout":"default","site-content-layout":"","ast-site-content-layout":"default","site-content-style":"default","site-sidebar-style":"default","ast-global-header-display":"","ast-banner-title-visibility":"","ast-main-header-display":"","ast-hfb-above-header-display":"","ast-hfb-below-header-display":"","ast-hfb-mobile-header-display":"","site-post-title":"","ast-breadcrumbs-content":"","ast-featured-img":"","footer-sml-layout":"","theme-transparent-header-meta":"default","adv-header-id-meta":"","stick-header-meta":"","header-above-stick-meta":"","header-main-stick-meta":"","header-below-stick-meta":"","astra-migrate-meta-layouts":"set","ast-page-background-enabled":"default","ast-page-background-meta":{"desktop":{"background-color":"var(--ast-global-color-4)","background-image":"","background-repeat":"repeat","background-position":"center center","background-size":"auto","background-attachment":"scroll","background-type":"","background-media":"","overlay-type":"","overlay-color":"","overlay-opacity":"","overlay-gradient":""},"tablet":{"background-color":"","background-image":"","background-repeat":"repeat","background-position":"center center","background-size":"auto","background-attachment":"scroll","background-type":"","background-media":"","overlay-type":"","overlay-color":"","overlay-opacity":"","overlay-gradient":""},"mobile":{"background-color":"","background-image":"","background-repeat":"repeat","background-position":"center center","background-size":"auto","background-attachment":"scroll","background-type":"","background-media":"","overlay-type":"","overlay-color":"","overlay-opacity":"","overlay-gradient":""}},"ast-content-background-meta":{"desktop":{"background-color":"var(--ast-global-color-5)","background-image":"","background-repeat":"repeat","background-position":"center center","background-size":"auto","background-attachment":"scroll","background-type":"","background-media":"","overlay-type":"","overlay-color":"","overlay-opacity":"","overlay-gradient":""},"tablet":{"background-color":"var(--ast-global-color-5)","background-image":"","background-repeat":"repeat","background-position":"center center","background-size":"auto","background-attachment":"scroll","background-type":"","background-media":"","overlay-type":"","overlay-color":"","overlay-opacity":"","overlay-gradient":""},"mobile":{"background-color":"var(--ast-global-color-5)","background-image":"","background-repeat":"repeat","background-position":"center center","background-size":"auto","background-attachment":"scroll","background-type":"","background-media":"","overlay-type":"","overlay-color":"","overlay-opacity":"","overlay-gradient":""}},"footnotes":""},"class_list":["post-38","page","type-page","status-publish","has-post-thumbnail","hentry"],"acf":[],"_links":{"self":[{"href":"https:\/\/backend.praxis-tillenburg.de\/index.php\/wp-json\/wp\/v2\/pages\/38","targetHints":{"allow":["GET"]}}],"collection":[{"href":"https:\/\/backend.praxis-tillenburg.de\/index.php\/wp-json\/wp\/v2\/pages"}],"about":[{"href":"https:\/\/backend.praxis-tillenburg.de\/index.php\/wp-json\/wp\/v2\/types\/page"}],"author":[{"embeddable":true,"href":"https:\/\/backend.praxis-tillenburg.de\/index.php\/wp-json\/wp\/v2\/users\/1"}],"replies":[{"embeddable":true,"href":"https:\/\/backend.praxis-tillenburg.de\/index.php\/wp-json\/wp\/v2\/comments?post=38"}],"version-history":[{"count":16,"href":"https:\/\/backend.praxis-tillenburg.de\/index.php\/wp-json\/wp\/v2\/pages\/38\/revisions"}],"predecessor-version":[{"id":388,"href":"https:\/\/backend.praxis-tillenburg.de\/index.php\/wp-json\/wp\/v2\/pages\/38\/revisions\/388"}],"wp:featuredmedia":[{"embeddable":true,"href":"https:\/\/backend.praxis-tillenburg.de\/index.php\/wp-json\/wp\/v2\/media\/305"}],"wp:attachment":[{"href":"https:\/\/backend.praxis-tillenburg.de\/index.php\/wp-json\/wp\/v2\/media?parent=38"}],"curies":[{"name":"wp","href":"https:\/\/api.w.org\/{rel}","templated":true}]}}