{"id":34,"date":"2024-04-20T14:37:24","date_gmt":"2024-04-20T14:37:24","guid":{"rendered":"https:\/\/backend.praxis-tillenburg.de\/?page_id=34"},"modified":"2025-01-15T15:55:45","modified_gmt":"2025-01-15T15:55:45","slug":"impressum","status":"publish","type":"page","link":"https:\/\/backend.praxis-tillenburg.de\/index.php\/impressum\/","title":{"rendered":"Impressum"},"content":{"rendered":"<h1>Impressum und notwendige Angaben gem\u00e4\u00df gesetzlicher Regelungen:<\/h1>\n<p>Praxis Ralf Tillenburg<\/p>\n<p>Facharzt f\u00fcr Allgemeinmedizin<\/p>\n<p>Breidenplatz 14<\/p>\n<p>40627 D\u00fcsseldorf<\/p>\n<p>Telefon: 0211 &#8211; 20 33 69<\/p>\n<p>&nbsp;<\/p>\n<p>E-Mail: doc&#8220;at&#8220;praxis-tillenburg&#8220;Punkt&#8220;de<\/p>\n<p>(Hinweis: &#8222;at&#8220; durch den Klammeraffen &#8222;@&#8220;, &#8222;Punkt&#8220; durch einen Punkt ersetzen und so in das Emailprogramm eingeben)<\/p>\n<p>&nbsp;<\/p>\n<p>Internet: www.praxis-tillenburg.de<a href=\"http:\/\/www.praxis-tillenburg.de,\/\">,<\/a>\u00a0<a href=\"http:\/\/www.info-medico.de\/\" target=\"_blank\" rel=\"noopener noreferrer\">www.info-medico.de<\/a>, <a href=\"http:\/\/www.ralf-tillenburg.de\" target=\"_blank\" rel=\"noopener\">www.ralf-tillenburg.de<\/a><\/p>\n<p>Zust\u00e4ndige Kammer: \u00c4rztekammer Nordrhein<\/p>\n<p>Zust\u00e4ndige kassen\u00e4rztliche Vereinigung: Kassen\u00e4rztliche Vereinigung Nordrhein<\/p>\n<p>Berufsbezeichnung: Arzt (verliehen in der Bundesrepublik Deutschland)<\/p>\n<p>Berufsrechtliche Regelungen:Berufsordnung der \u00c4rztekammer Nordrhein: http:\/\/www.aekno.de\/page.asp?pageID=57<\/p>\n<p>Heilberufsgesetz NRW: http:\/\/www.aekno.de\/page.asp?pageID=5234<\/p>\n<p>Inhaltlich Verantwortlicher gem\u00e4\u00df \u00a7 55 Abs. 2 RStV: Ralf Tillenburg (Anschrift wie oben)<\/p>\n<p>&nbsp;<\/p>\n<p>Haftungshinweis: Trotz sorgf\u00e4ltiger inhaltlicher Kontrolle \u00fcbernehmen wir keine Haftung f\u00fcr die Inhalte externer Links. F\u00fcr den Inhalt der verlinkten Seiten sind ausschlie\u00dflich deren Betreiber verantwortlich.<\/p>\n","protected":false},"excerpt":{"rendered":"<p>Impressum und notwendige Angaben gem\u00e4\u00df gesetzlicher Regelungen: Praxis Ralf Tillenburg Facharzt f\u00fcr Allgemeinmedizin Breidenplatz 14 40627 D\u00fcsseldorf Telefon: 0211 &#8211; [&hellip;]<\/p>\n","protected":false},"author":1,"featured_media":0,"parent":0,"menu_order":0,"comment_status":"closed","ping_status":"closed","template":"","meta":{"_acf_changed":false,"site-sidebar-layout":"default","site-content-layout":"","ast-site-content-layout":"default","site-content-style":"default","site-sidebar-style":"default","ast-global-header-display":"","ast-banner-title-visibility":"","ast-main-header-display":"","ast-hfb-above-header-display":"","ast-hfb-below-header-display":"","ast-hfb-mobile-header-display":"","site-post-title":"","ast-breadcrumbs-content":"","ast-featured-img":"","footer-sml-layout":"","theme-transparent-header-meta":"default","adv-header-id-meta":"","stick-header-meta":"","header-above-stick-meta":"","header-main-stick-meta":"","header-below-stick-meta":"","astra-migrate-meta-layouts":"set","ast-page-background-enabled":"default","ast-page-background-meta":{"desktop":{"background-color":"var(--ast-global-color-4)","background-image":"","background-repeat":"repeat","background-position":"center center","background-size":"auto","background-attachment":"scroll","background-type":"","background-media":"","overlay-type":"","overlay-color":"","overlay-opacity":"","overlay-gradient":""},"tablet":{"background-color":"","background-image":"","background-repeat":"repeat","background-position":"center center","background-size":"auto","background-attachment":"scroll","background-type":"","background-media":"","overlay-type":"","overlay-color":"","overlay-opacity":"","overlay-gradient":""},"mobile":{"background-color":"","background-image":"","background-repeat":"repeat","background-position":"center center","background-size":"auto","background-attachment":"scroll","background-type":"","background-media":"","overlay-type":"","overlay-color":"","overlay-opacity":"","overlay-gradient":""}},"ast-content-background-meta":{"desktop":{"background-color":"var(--ast-global-color-5)","background-image":"","background-repeat":"repeat","background-position":"center center","background-size":"auto","background-attachment":"scroll","background-type":"","background-media":"","overlay-type":"","overlay-color":"","overlay-opacity":"","overlay-gradient":""},"tablet":{"background-color":"var(--ast-global-color-5)","background-image":"","background-repeat":"repeat","background-position":"center center","background-size":"auto","background-attachment":"scroll","background-type":"","background-media":"","overlay-type":"","overlay-color":"","overlay-opacity":"","overlay-gradient":""},"mobile":{"background-color":"var(--ast-global-color-5)","background-image":"","background-repeat":"repeat","background-position":"center center","background-size":"auto","background-attachment":"scroll","background-type":"","background-media":"","overlay-type":"","overlay-color":"","overlay-opacity":"","overlay-gradient":""}},"footnotes":""},"class_list":["post-34","page","type-page","status-publish","hentry"],"acf":[],"_links":{"self":[{"href":"https:\/\/backend.praxis-tillenburg.de\/index.php\/wp-json\/wp\/v2\/pages\/34","targetHints":{"allow":["GET"]}}],"collection":[{"href":"https:\/\/backend.praxis-tillenburg.de\/index.php\/wp-json\/wp\/v2\/pages"}],"about":[{"href":"https:\/\/backend.praxis-tillenburg.de\/index.php\/wp-json\/wp\/v2\/types\/page"}],"author":[{"embeddable":true,"href":"https:\/\/backend.praxis-tillenburg.de\/index.php\/wp-json\/wp\/v2\/users\/1"}],"replies":[{"embeddable":true,"href":"https:\/\/backend.praxis-tillenburg.de\/index.php\/wp-json\/wp\/v2\/comments?post=34"}],"version-history":[{"count":3,"href":"https:\/\/backend.praxis-tillenburg.de\/index.php\/wp-json\/wp\/v2\/pages\/34\/revisions"}],"predecessor-version":[{"id":149,"href":"https:\/\/backend.praxis-tillenburg.de\/index.php\/wp-json\/wp\/v2\/pages\/34\/revisions\/149"}],"wp:attachment":[{"href":"https:\/\/backend.praxis-tillenburg.de\/index.php\/wp-json\/wp\/v2\/media?parent=34"}],"curies":[{"name":"wp","href":"https:\/\/api.w.org\/{rel}","templated":true}]}}