{"id":32,"date":"2024-04-20T14:37:18","date_gmt":"2024-04-20T14:37:18","guid":{"rendered":"https:\/\/backend.praxis-tillenburg.de\/?page_id=32"},"modified":"2024-05-05T14:01:19","modified_gmt":"2024-05-05T14:01:19","slug":"datenschutz","status":"publish","type":"page","link":"https:\/\/backend.praxis-tillenburg.de\/index.php\/datenschutz\/","title":{"rendered":"Datenschutz"},"content":{"rendered":"<h1>Hinweise zum Datenschutz der in der Praxis erhobenen Daten gem\u00e4\u00df DSGVO<\/h1>\n<p>Der Schutz der personenbezogenen Daten ist uns wichtig. Nach der EU-Datenschutzgrundverordnung (DSGVO), Bundesdatenschutzgesetz (BDSG) und Telemediengesetz (TMG) sind wir verpflichtet, Sie dar\u00fcber zu informieren, zu welchem Zweck auf unserer Homepage personenbezogene Daten erhoben und verwendet werden, auf welche Art dies geschieht und welchen Umfang dies hat. Dieser Information k\u00f6nnen Sie auch entnehmen, welche Rechte Sie hinsichtlich des Datenschutzes haben. Diese Datenschutzerkl\u00e4rung bezieht sich auf unser Internetangebot. Sie bezieht sich ausdr\u00fccklich nicht auf das Behandlungsverh\u00e4ltnis. Hier werden Sie bei Besuch der Praxis gesondert informiert.<\/p>\n<p>&nbsp;<\/p>\n<p><strong>Verantwortlich f\u00fcr die Datenverarbeitung<br \/>\n<\/strong><\/p>\n<p>Arztpraxis Ralf Tillenburg, Breidenplatz 14, 40627 D\u00fcsseldorf<\/p>\n<p>Kontakt: 0211-203369, Email: doc (at) praxis-tillenburg (punkt) de<\/p>\n<p>(Bitte ersetzen sie (at) durch den Klammeraffen \u201e@\u201c und (punkt) durch einen Punkt und geben das so in ihr Emailprogramm ein.<\/p>\n<p>Gem\u00e4\u00df DSGVO muss in unserer Praxis kein Datenschutzbeauftragter benannt werden<\/p>\n<p>&nbsp;<\/p>\n<p><strong>Zweck der Datenverarbeitung<\/strong><\/p>\n<p>Auf unserer Website werden keine Personen bezogenen Daten erhoben. Die Ausnahme entsteht bei der Benutzung unseres Kontaktformulars.<\/p>\n<p>Allerdings k\u00f6nnen Daten erhoben werden, wenn sie uns eine Email senden, uns anrufen oder in anderer Form mit uns in Kontakt treten.<\/p>\n<p>Wir erheben, verarbeiten und nutzen Ihre personenbezogenen Daten nur, wenn und soweit Sie hierzu eingewilligt haben oder dies durch Gesetz erlaubt oder vorgeschrieben ist. So f\u00fchrt eine medizinische Beratung immer auch zur Speicherung Ihrer Daten in der Praxissoftware, da dies gesetzlich vorgeschrieben ist.<\/p>\n<p>&nbsp;<\/p>\n<p><strong>Empf\u00e4nger Ihrer Daten<\/strong><\/p>\n<p>Die Seite www.praxis-tillenburg.de ist besuchbar, ohne Angaben zu Ihrer Person zu machen. Gleichwohl werden schon bei dem einfachen Seitenbesuch Informationen zum Zugriff (Datum, Uhrzeit, \u00fcbertragene Datenmenge, Navigationsherkunft, Browser, Betriebssystem, IP-Adresse) gespeichert. Dies ist gem\u00e4\u00df Urteil des EuGH vom 19.10.2016 (C-582\/14) m\u00f6glich.<\/p>\n<p>Dies kann von uns auch nicht verhindert werden, sondern steckt in der Programmierung ihres Internetbrowsers. Diese Daten sind uns jedoch nicht bekannt und werden lediglich zur optimalen Darstellung unserer Internetseiten in ihrem Browser ben\u00f6tigt.<\/p>\n<p>Eine Weitergabe dieser Daten an Dritte erfolgt nur, wenn Sie eingewilligt haben oder dies gesetzlich vorgesehen ist.<\/p>\n<p>&nbsp;<\/p>\n<p><strong>Cookies\/Analyse\/Social-Media<\/strong><\/p>\n<p>Daten von Cookies werden nur zur optimalen Darstellung unserer Internetseiten durch die Programmierung der Seiten genutzt.<\/p>\n<p>&nbsp;<\/p>\n<p><strong>Kommunikation mit uns<\/strong><\/p>\n<p>Senden sie uns eine Email, oder benutzen unser Kontaktformular, werden ihre Daten in meiner Emailsoftware gespeichert, und sofern notwendig in die Praxis-Software \u00fcbernommen.<\/p>\n<p>Dies gilt z. B. f\u00fcr \u00dcbermittlung von Befunden, Rezeptbestellungen und \u00e4hnliches.<\/p>\n<p>&nbsp;<\/p>\n<p><strong>Ihre Rechte<\/strong><\/p>\n<p>Sie haben das Recht, \u00fcber die Sie betreffenden personenbezogenen Daten Auskunft zu erhalten sowie erteilte Einwilligungen mit Wirkung f\u00fcr die Zukunft zu widerrufen. Auch k\u00f6nnen Sie die Berichtigung unrichtiger Daten verlangen.<\/p>\n<p>Dar\u00fcber hinaus steht Ihnen unter bestimmten Voraussetzungen das Recht auf L\u00f6schung von Daten, das Recht auf Einschr\u00e4nkung der Datenverarbeitung sowie das Recht auf Daten\u00fcbertragbarkeit zu.<\/p>\n<p>Die Verarbeitung Ihrer Daten erfolgt auf Basis von gesetzlichen Regelungen. Nur in Ausnahmef\u00e4llen ben\u00f6tigen wir Ihr Einverst\u00e4ndnis. In diesen F\u00e4llen haben Sie das Recht, die Einwilligung f\u00fcr die zuk\u00fcnftige Verarbeitung zu widerrufen.<\/p>\n<p>Sie haben ferner das Recht, sich bei der zust\u00e4ndigen Aufsichtsbeh\u00f6rde f\u00fcr den Datenschutz zu beschweren, wenn Sie der Ansicht sind, dass die Verarbeitung Ihrer personenbezogenen Daten nicht rechtm\u00e4\u00dfig erfolgt.<\/p>\n<p>Die Anschrift der f\u00fcr uns zust\u00e4ndigen Aufsichtsbeh\u00f6rde lautet:<\/p>\n<p>Die Landesbeauftragte f\u00fcr Datenschutz und Informationsfreiheit NRW (LDI), Kavalleriestra\u00dfe 2-4, 40213 D\u00fcsseldorf, Telefon: 0211\/384240<\/p>\n<p>&nbsp;<\/p>\n<p><strong>Rechtsgrundlage<\/strong><\/p>\n<p>Rechtsgrundlage f\u00fcr die Verarbeitung Ihrer Daten ist Artikel 6 Absatz 1 Satz 1 DSGVO. Sollten Sie Fragen haben, k\u00f6nnen Sie sich gern an uns (siehe unter Ziff. 1.) wenden.<\/p>\n","protected":false},"excerpt":{"rendered":"<p>Hinweise zum Datenschutz der in der Praxis erhobenen Daten gem\u00e4\u00df DSGVO Der Schutz der personenbezogenen Daten ist uns wichtig. Nach [&hellip;]<\/p>\n","protected":false},"author":1,"featured_media":303,"parent":0,"menu_order":0,"comment_status":"closed","ping_status":"closed","template":"","meta":{"_acf_changed":false,"site-sidebar-layout":"default","site-content-layout":"","ast-site-content-layout":"default","site-content-style":"default","site-sidebar-style":"default","ast-global-header-display":"","ast-banner-title-visibility":"","ast-main-header-display":"","ast-hfb-above-header-display":"","ast-hfb-below-header-display":"","ast-hfb-mobile-header-display":"","site-post-title":"","ast-breadcrumbs-content":"","ast-featured-img":"","footer-sml-layout":"","theme-transparent-header-meta":"default","adv-header-id-meta":"","stick-header-meta":"","header-above-stick-meta":"","header-main-stick-meta":"","header-below-stick-meta":"","astra-migrate-meta-layouts":"set","ast-page-background-enabled":"default","ast-page-background-meta":{"desktop":{"background-color":"var(--ast-global-color-4)","background-image":"","background-repeat":"repeat","background-position":"center center","background-size":"auto","background-attachment":"scroll","background-type":"","background-media":"","overlay-type":"","overlay-color":"","overlay-opacity":"","overlay-gradient":""},"tablet":{"background-color":"","background-image":"","background-repeat":"repeat","background-position":"center center","background-size":"auto","background-attachment":"scroll","background-type":"","background-media":"","overlay-type":"","overlay-color":"","overlay-opacity":"","overlay-gradient":""},"mobile":{"background-color":"","background-image":"","background-repeat":"repeat","background-position":"center center","background-size":"auto","background-attachment":"scroll","background-type":"","background-media":"","overlay-type":"","overlay-color":"","overlay-opacity":"","overlay-gradient":""}},"ast-content-background-meta":{"desktop":{"background-color":"var(--ast-global-color-5)","background-image":"","background-repeat":"repeat","background-position":"center center","background-size":"auto","background-attachment":"scroll","background-type":"","background-media":"","overlay-type":"","overlay-color":"","overlay-opacity":"","overlay-gradient":""},"tablet":{"background-color":"var(--ast-global-color-5)","background-image":"","background-repeat":"repeat","background-position":"center center","background-size":"auto","background-attachment":"scroll","background-type":"","background-media":"","overlay-type":"","overlay-color":"","overlay-opacity":"","overlay-gradient":""},"mobile":{"background-color":"var(--ast-global-color-5)","background-image":"","background-repeat":"repeat","background-position":"center center","background-size":"auto","background-attachment":"scroll","background-type":"","background-media":"","overlay-type":"","overlay-color":"","overlay-opacity":"","overlay-gradient":""}},"footnotes":""},"class_list":["post-32","page","type-page","status-publish","has-post-thumbnail","hentry"],"acf":[],"_links":{"self":[{"href":"https:\/\/backend.praxis-tillenburg.de\/index.php\/wp-json\/wp\/v2\/pages\/32","targetHints":{"allow":["GET"]}}],"collection":[{"href":"https:\/\/backend.praxis-tillenburg.de\/index.php\/wp-json\/wp\/v2\/pages"}],"about":[{"href":"https:\/\/backend.praxis-tillenburg.de\/index.php\/wp-json\/wp\/v2\/types\/page"}],"author":[{"embeddable":true,"href":"https:\/\/backend.praxis-tillenburg.de\/index.php\/wp-json\/wp\/v2\/users\/1"}],"replies":[{"embeddable":true,"href":"https:\/\/backend.praxis-tillenburg.de\/index.php\/wp-json\/wp\/v2\/comments?post=32"}],"version-history":[{"count":5,"href":"https:\/\/backend.praxis-tillenburg.de\/index.php\/wp-json\/wp\/v2\/pages\/32\/revisions"}],"predecessor-version":[{"id":302,"href":"https:\/\/backend.praxis-tillenburg.de\/index.php\/wp-json\/wp\/v2\/pages\/32\/revisions\/302"}],"wp:featuredmedia":[{"embeddable":true,"href":"https:\/\/backend.praxis-tillenburg.de\/index.php\/wp-json\/wp\/v2\/media\/303"}],"wp:attachment":[{"href":"https:\/\/backend.praxis-tillenburg.de\/index.php\/wp-json\/wp\/v2\/media?parent=32"}],"curies":[{"name":"wp","href":"https:\/\/api.w.org\/{rel}","templated":true}]}}