{"id":285,"date":"2024-05-05T12:07:35","date_gmt":"2024-05-05T12:07:35","guid":{"rendered":"https:\/\/backend.praxis-tillenburg.de\/?page_id=285"},"modified":"2025-03-16T08:20:04","modified_gmt":"2025-03-16T08:20:04","slug":"profil","status":"publish","type":"page","link":"https:\/\/backend.praxis-tillenburg.de\/index.php\/profil\/","title":{"rendered":"Profil"},"content":{"rendered":"<h1><span style=\"color: #c83c50;\"><strong>Profil<\/strong><\/span><\/h1>\n<p><img loading=\"lazy\" decoding=\"async\" class=\"alignnone wp-image-286 size-full\" src=\"https:\/\/backend.praxis-tillenburg.de\/wp-content\/uploads\/2024\/05\/ich2.jpg\" alt=\"\" width=\"400\" height=\"419\" srcset=\"https:\/\/backend.praxis-tillenburg.de\/wp-content\/uploads\/2024\/05\/ich2.jpg 400w, https:\/\/backend.praxis-tillenburg.de\/wp-content\/uploads\/2024\/05\/ich2-286x300.jpg 286w\" sizes=\"auto, (max-width: 400px) 100vw, 400px\" \/><\/p>\n<p><strong>Medizinischer Lebenslauf:<\/strong><\/p>\n<p>Medizinstudium von 1980-86 in D\u00fcsseldorf<\/p>\n<p>Approbation im Juni 1986<\/p>\n<p>Messearzt der D\u00fcsseldorfer Messegesellschaft von 1986 bis 1989<\/p>\n<p>Assistenzarzt in der Chirurgie in Kamp-Lintfort von 1989 bis 1994<\/p>\n<p>Gutachter f\u00fcr den medizinischen Dienst der Krankenkassen 1995<\/p>\n<p>T\u00e4tigkeit in einer Hausarztpraxis in Ratingen von 1995 bis 2002<\/p>\n<p>Assistenzarzt in der Inneren Medizin von 2004 bis 2006 in D\u00fcsseldorf<\/p>\n<p>Facharztpr\u00fcfung 2008 zum &#8222;Facharzt f\u00fcr Innere und Allgemeinmedizin&#8220; nach der neuen Weiterbildungsordnung der \u00c4rztekammer Nordrhein (berechtigt zum F\u00fchren der Facharztbezeichnung &#8222;Allgemeinmedizin&#8220;)<\/p>\n<p>eigene Praxis seit 2009<\/p>\n<p><strong>Mitglied der Deutschen Gesellschaft f\u00fcr Ultraschall in der Medizin (DEGUM)<\/strong>\u00a0mit regelm\u00e4\u00dfiger Teilnahme an deren aktuellen Fortbildungsveranstaltungen.<\/p>\n<p>Von 2014 bis 2020\u00a0<strong>Lehrarzt des Instituts f\u00fcr Allgemeinmedizin der Heinrich-Heine-Universit\u00e4t D\u00fcsseldorf<\/strong><\/p>\n<p>Seit 2014\u00a0<strong>Mitglied der deutschen Gesellschaft f\u00fcr Allgemeinmedizin<\/strong><\/p>\n<p>Seit 2020 <a href=\"https:\/\/info-medico.de\/articles\" target=\"_blank\" rel=\"noopener\">warne ich vor dem Gebrauch von Masken und vor der Corona-modRNA-Genspritze<\/a> (Corona-&#8222;Impfung&#8220;), da Masken (auch FFP2) nach \u00fcber 200 wissenschaftlichen Studien unwirksam sind zur Abwehr von Infektionen, daf\u00fcr aber Erkrankungen ausl\u00f6sen k\u00f6nnen, und die Genspritze nach allen bisherigen Studien keinen Schutz vor Infektion, Schwere des Verlaufs oder gar Tod hat, aber ebenfalls sehr h\u00e4ufig schwere Nebenwirkungen und den pl\u00f6tzlichen, unerwarteten Tod zur Folge hat.<\/p>\n<p>Seit 2022 ist ein Schwerpunkt meiner Praxis die <strong>Behandlung von Impfsch\u00e4den der Corona-&#8222;Impfung&#8220;<\/strong>.<\/p>\n<p>Seit 2024 ist ein weiterer Schwerpunkt die <strong>alternative Krebstherapie<\/strong>, da es nach wissenschaftlichen Studien noch zahlreiche weitere M\u00f6glichkeiten gibt, Krebs zu behandeln.<\/p>\n<p>&nbsp;<\/p>\n<p><strong>weitere Internetseiten:<\/strong> www.ralf-tillenburg.de, www.info-medico.de<\/p>\n<p><strong>Telegram:<\/strong> https:\/\/t.me\/coronawissenschaft<\/p>\n<p>&nbsp;<\/p>\n<h4><span style=\"color: #c83c00;\"><em>Die Bilder dieser Internetpr\u00e4senz sind von mir selbst geschossene Fotos aus Mauritius, Reunion, Bolivien, Peru, Nordatlantik und Namibia<\/em><\/span><\/h4>\n","protected":false},"excerpt":{"rendered":"<p>Profil Medizinischer Lebenslauf: Medizinstudium von 1980-86 in D\u00fcsseldorf Approbation im Juni 1986 Messearzt der D\u00fcsseldorfer Messegesellschaft von 1986 bis 1989 [&hellip;]<\/p>\n","protected":false},"author":3,"featured_media":306,"parent":0,"menu_order":0,"comment_status":"closed","ping_status":"closed","template":"","meta":{"_acf_changed":false,"site-sidebar-layout":"default","site-content-layout":"","ast-site-content-layout":"default","site-content-style":"default","site-sidebar-style":"default","ast-global-header-display":"","ast-banner-title-visibility":"","ast-main-header-display":"","ast-hfb-above-header-display":"","ast-hfb-below-header-display":"","ast-hfb-mobile-header-display":"","site-post-title":"","ast-breadcrumbs-content":"","ast-featured-img":"","footer-sml-layout":"","theme-transparent-header-meta":"default","adv-header-id-meta":"","stick-header-meta":"","header-above-stick-meta":"","header-main-stick-meta":"","header-below-stick-meta":"","astra-migrate-meta-layouts":"set","ast-page-background-enabled":"default","ast-page-background-meta":{"desktop":{"background-color":"var(--ast-global-color-4)","background-image":"","background-repeat":"repeat","background-position":"center center","background-size":"auto","background-attachment":"scroll","background-type":"","background-media":"","overlay-type":"","overlay-color":"","overlay-opacity":"","overlay-gradient":""},"tablet":{"background-color":"","background-image":"","background-repeat":"repeat","background-position":"center center","background-size":"auto","background-attachment":"scroll","background-type":"","background-media":"","overlay-type":"","overlay-color":"","overlay-opacity":"","overlay-gradient":""},"mobile":{"background-color":"","background-image":"","background-repeat":"repeat","background-position":"center center","background-size":"auto","background-attachment":"scroll","background-type":"","background-media":"","overlay-type":"","overlay-color":"","overlay-opacity":"","overlay-gradient":""}},"ast-content-background-meta":{"desktop":{"background-color":"var(--ast-global-color-5)","background-image":"","background-repeat":"repeat","background-position":"center center","background-size":"auto","background-attachment":"scroll","background-type":"","background-media":"","overlay-type":"","overlay-color":"","overlay-opacity":"","overlay-gradient":""},"tablet":{"background-color":"var(--ast-global-color-5)","background-image":"","background-repeat":"repeat","background-position":"center center","background-size":"auto","background-attachment":"scroll","background-type":"","background-media":"","overlay-type":"","overlay-color":"","overlay-opacity":"","overlay-gradient":""},"mobile":{"background-color":"var(--ast-global-color-5)","background-image":"","background-repeat":"repeat","background-position":"center center","background-size":"auto","background-attachment":"scroll","background-type":"","background-media":"","overlay-type":"","overlay-color":"","overlay-opacity":"","overlay-gradient":""}},"footnotes":""},"class_list":["post-285","page","type-page","status-publish","has-post-thumbnail","hentry"],"acf":[],"_links":{"self":[{"href":"https:\/\/backend.praxis-tillenburg.de\/index.php\/wp-json\/wp\/v2\/pages\/285","targetHints":{"allow":["GET"]}}],"collection":[{"href":"https:\/\/backend.praxis-tillenburg.de\/index.php\/wp-json\/wp\/v2\/pages"}],"about":[{"href":"https:\/\/backend.praxis-tillenburg.de\/index.php\/wp-json\/wp\/v2\/types\/page"}],"author":[{"embeddable":true,"href":"https:\/\/backend.praxis-tillenburg.de\/index.php\/wp-json\/wp\/v2\/users\/3"}],"replies":[{"embeddable":true,"href":"https:\/\/backend.praxis-tillenburg.de\/index.php\/wp-json\/wp\/v2\/comments?post=285"}],"version-history":[{"count":8,"href":"https:\/\/backend.praxis-tillenburg.de\/index.php\/wp-json\/wp\/v2\/pages\/285\/revisions"}],"predecessor-version":[{"id":380,"href":"https:\/\/backend.praxis-tillenburg.de\/index.php\/wp-json\/wp\/v2\/pages\/285\/revisions\/380"}],"wp:featuredmedia":[{"embeddable":true,"href":"https:\/\/backend.praxis-tillenburg.de\/index.php\/wp-json\/wp\/v2\/media\/306"}],"wp:attachment":[{"href":"https:\/\/backend.praxis-tillenburg.de\/index.php\/wp-json\/wp\/v2\/media?parent=285"}],"curies":[{"name":"wp","href":"https:\/\/api.w.org\/{rel}","templated":true}]}}