{"id":26,"date":"2024-04-20T14:34:29","date_gmt":"2024-04-20T14:34:29","guid":{"rendered":"https:\/\/backend.praxis-tillenburg.de\/?page_id=26"},"modified":"2026-04-13T06:58:53","modified_gmt":"2026-04-13T06:58:53","slug":"home","status":"publish","type":"page","link":"https:\/\/backend.praxis-tillenburg.de\/index.php\/home\/","title":{"rendered":"Home"},"content":{"rendered":"<h1><span style=\"color: #c83c50;\">Herzlich Willkommen<\/span><\/h1>\n<p>Die freundliche Hausarzt-Praxis in D\u00fcsseldorf Unterbach, ohne Einfluss der Pharmaindustrie.<\/p>\n<p>Sie suchen einen freundlichen Hausarzt, der Sie umfassend ber\u00e4t, Ihre Beschwerden ernst nimmt und abkl\u00e4rt?<br \/>\nSie w\u00fcnschen eine Zweitmeinung zu einem bestehenden medizinischen Problem? Insbesondere vor einer Operation?<br \/>\nSie w\u00fcnschen eine Abkl\u00e4rung bei Verdacht auf Impfschaden?<br \/>\nSie w\u00fcnschen einen schnellen Termin, Abkl\u00e4rung akuter Probleme m\u00f6glichst noch am gleichen Tag?<br \/>\nF\u00fcr den Erstkontakt empfehlen wir unsere &#8222;Akutsprechstunde&#8220; montags bis freitags von 8.00 bis 10.30 Uhr. Keine Anmeldung erforderlich. Einfach vorbei kommen! Bitte beachten Sie aber, dass ich in der Akutsprechstunde je nach Patientenandrang nur wenig Zeit habe, l\u00e4ngere Gespr\u00e4che sind nur nach Terminvereinbarung m\u00f6glich.<\/p>\n<p>Ein neuer Schwerpunkt meiner Praxis wird zunehmend die erg\u00e4nzende, erweiterte und &#8222;alternative&#8220; Krebstherapie.<\/p>\n<p>&nbsp;<\/p>\n<h3><span style=\"color: #c83c50;\"><strong>Infos f\u00fcr Impfgesch\u00e4digte finden sie weiter unten.<\/strong><\/span><\/h3>\n<p>&nbsp;<\/p>\n<p><strong>Bitte informieren Sie sich vor jedem Besuch der Praxis hier, ob ich anwesend bin:<\/strong><\/p>\n<h3><\/h3>\n<h3><span style=\"color: #ff0000;\">Am 5.6.26 ist die Praxis geschlossen.<\/span><\/h3>\n<h3><span style=\"color: #ff0000;\">Vom 18.6. bis 13.7.26 bin ich in Urlaub, mein Personal ist anwesend.<\/span><\/h3>\n<h3><\/h3>\n<p>&nbsp;<\/p>\n<p><strong>Notfallnummern:<\/strong><\/p>\n<p>112\u00a0\u00a0\u00a0\u00a0\u00a0\u00a0\u00a0 Notfallnummer der Feuerwehr bei ernsten und lebensbedrohlichen Notf\u00e4llen<\/p>\n<p>116 117\u00a0 Notfallnummer in der Nacht und am Wochenende f\u00fcr Hausbesuche eines Arztes in dringenden F\u00e4llen, wenn ein Besuch der Notfallpraxis aus medizinischen Gr\u00fcnden nicht m\u00f6glich ist. Inzwischen ist diese Nummer rund um die Uhr besetzt.<\/p>\n","protected":false},"excerpt":{"rendered":"<p>Herzlich Willkommen Die freundliche Hausarzt-Praxis in D\u00fcsseldorf Unterbach, ohne Einfluss der Pharmaindustrie. Sie suchen einen freundlichen Hausarzt, der Sie umfassend [&hellip;]<\/p>\n","protected":false},"author":1,"featured_media":283,"parent":0,"menu_order":0,"comment_status":"closed","ping_status":"closed","template":"","meta":{"_acf_changed":false,"site-sidebar-layout":"default","site-content-layout":"","ast-site-content-layout":"default","site-content-style":"default","site-sidebar-style":"default","ast-global-header-display":"","ast-banner-title-visibility":"","ast-main-header-display":"","ast-hfb-above-header-display":"","ast-hfb-below-header-display":"","ast-hfb-mobile-header-display":"","site-post-title":"","ast-breadcrumbs-content":"","ast-featured-img":"","footer-sml-layout":"","theme-transparent-header-meta":"default","adv-header-id-meta":"","stick-header-meta":"","header-above-stick-meta":"","header-main-stick-meta":"","header-below-stick-meta":"","astra-migrate-meta-layouts":"set","ast-page-background-enabled":"default","ast-page-background-meta":{"desktop":{"background-color":"var(--ast-global-color-4)","background-image":"","background-repeat":"repeat","background-position":"center center","background-size":"auto","background-attachment":"scroll","background-type":"","background-media":"","overlay-type":"","overlay-color":"","overlay-opacity":"","overlay-gradient":""},"tablet":{"background-color":"","background-image":"","background-repeat":"repeat","background-position":"center center","background-size":"auto","background-attachment":"scroll","background-type":"","background-media":"","overlay-type":"","overlay-color":"","overlay-opacity":"","overlay-gradient":""},"mobile":{"background-color":"","background-image":"","background-repeat":"repeat","background-position":"center center","background-size":"auto","background-attachment":"scroll","background-type":"","background-media":"","overlay-type":"","overlay-color":"","overlay-opacity":"","overlay-gradient":""}},"ast-content-background-meta":{"desktop":{"background-color":"var(--ast-global-color-5)","background-image":"","background-repeat":"repeat","background-position":"center center","background-size":"auto","background-attachment":"scroll","background-type":"","background-media":"","overlay-type":"","overlay-color":"","overlay-opacity":"","overlay-gradient":""},"tablet":{"background-color":"var(--ast-global-color-5)","background-image":"","background-repeat":"repeat","background-position":"center center","background-size":"auto","background-attachment":"scroll","background-type":"","background-media":"","overlay-type":"","overlay-color":"","overlay-opacity":"","overlay-gradient":""},"mobile":{"background-color":"var(--ast-global-color-5)","background-image":"","background-repeat":"repeat","background-position":"center center","background-size":"auto","background-attachment":"scroll","background-type":"","background-media":"","overlay-type":"","overlay-color":"","overlay-opacity":"","overlay-gradient":""}},"footnotes":""},"class_list":["post-26","page","type-page","status-publish","has-post-thumbnail","hentry"],"acf":[],"_links":{"self":[{"href":"https:\/\/backend.praxis-tillenburg.de\/index.php\/wp-json\/wp\/v2\/pages\/26","targetHints":{"allow":["GET"]}}],"collection":[{"href":"https:\/\/backend.praxis-tillenburg.de\/index.php\/wp-json\/wp\/v2\/pages"}],"about":[{"href":"https:\/\/backend.praxis-tillenburg.de\/index.php\/wp-json\/wp\/v2\/types\/page"}],"author":[{"embeddable":true,"href":"https:\/\/backend.praxis-tillenburg.de\/index.php\/wp-json\/wp\/v2\/users\/1"}],"replies":[{"embeddable":true,"href":"https:\/\/backend.praxis-tillenburg.de\/index.php\/wp-json\/wp\/v2\/comments?post=26"}],"version-history":[{"count":90,"href":"https:\/\/backend.praxis-tillenburg.de\/index.php\/wp-json\/wp\/v2\/pages\/26\/revisions"}],"predecessor-version":[{"id":446,"href":"https:\/\/backend.praxis-tillenburg.de\/index.php\/wp-json\/wp\/v2\/pages\/26\/revisions\/446"}],"wp:featuredmedia":[{"embeddable":true,"href":"https:\/\/backend.praxis-tillenburg.de\/index.php\/wp-json\/wp\/v2\/media\/283"}],"wp:attachment":[{"href":"https:\/\/backend.praxis-tillenburg.de\/index.php\/wp-json\/wp\/v2\/media?parent=26"}],"curies":[{"name":"wp","href":"https:\/\/api.w.org\/{rel}","templated":true}]}}