{"id":202,"date":"2024-05-04T12:35:51","date_gmt":"2024-05-04T12:35:51","guid":{"rendered":"https:\/\/backend.praxis-tillenburg.de\/?page_id=202"},"modified":"2024-05-05T11:57:14","modified_gmt":"2024-05-05T11:57:14","slug":"fortbildungen","status":"publish","type":"page","link":"https:\/\/backend.praxis-tillenburg.de\/index.php\/fortbildungen\/","title":{"rendered":"Fortbildungen"},"content":{"rendered":"<h1><span style=\"color: #c83c50;\">Fortbildungen<\/span><\/h1>\n<p>&nbsp;<\/p>\n<p>Mitglied der DEGUM (Deutsche Gesellschaft f\u00fcr Ultraschall in der Medizin)<br \/>\nMitglied der DEGAM (Deutsche Gesellschaft f\u00fcr Allgemeinmedizin)<br \/>\nT\u00dcV-zertifizierter Wundexperte f\u00fcr chronische Wunden<\/p>\n<p>&nbsp;<\/p>\n<h3><span style=\"color: #c83c50;\">Hier eine unvollst\u00e4ndige Auslistung der Weiterbildungsveranstaltungen, die ich zur Verbesserung der medizinischen Qualit\u00e4t besucht habe.<\/span><\/h3>\n<p>Gem\u00e4\u00df der \u00e4rztlichen Berufsordnung sind \u00c4rzte zur st\u00e4ndigen Weiterbildung verpflichtet.<\/p>\n<p>2024 (April) Praxis-Update 2024, zweit\u00e4tige Fortbildung mit Vortr\u00e4gen aus 14 Fachrichtungen der Medizin, wie z. B. Gastroenterologie, Geriatrie, Urologie, Impfungen usw.<\/p>\n<p>2020 &#8211; 2023 zahlreiche Fortbildung (weit \u00fcber 100 Stunden) zum Thema Diagnostik und Therapie von Nebenwirkungen der Corona-Impfungen mit folgenden Themen:<\/p>\n<ul>\n<li>Neuroinflammation und Tryptophan-Stoffwechsel<\/li>\n<li>Post-Vaccine-Syndrom<\/li>\n<li>Endotheliitis und endotheliale Dysfunktion, Mikrogerinnsel<\/li>\n<li>Varianten des SARSC-CoV-2-Virus und Auswirkungen<\/li>\n<li>Impf-Varianten<\/li>\n<li>Nukleotide<\/li>\n<li>Immunsystem<\/li>\n<li>Mitochondrien, Diagnostik und Therapie<\/li>\n<li>Blutw\u00e4sche, Apherese, Immunpherese, Toxopherese<\/li>\n<li>chronic Inflammation<\/li>\n<li>Entgiftung<\/li>\n<li>Warburg Effekt und Tumortherapie<\/li>\n<\/ul>\n<p>2020\u00a0\u00a0 (Februar) Ultraschall an Kopf und Hals<\/p>\n<p>2019\u00a0\u00a0 (Dezember) Datenschutz in Arztpraxen<\/p>\n<p>2019\u00a0\u00a0 (Dezember) Vortrag zum Thema &#8222;Diabetes und Schwindel&#8220;<\/p>\n<p>2019 \u00a0 (Oktober) viert\u00e4giger Kongress der DEGUM (Deutschen Gesellschaft f\u00fcr Ultraschall) mit zahlreichen Fortbildungen in Leipzig. Schwerpunkte: Ultraschall der Gef\u00e4\u00dfe, der Lunge, des Bauchs und der Weichteile<\/p>\n<p>2019\u00a0\u00a0 (Mai) Umgang mit multiresitenten Erregern<\/p>\n<p>2019\u00a0\u00a0 (April) Praxis-Update 2019, zweit\u00e4tgie Fortbildung mit Vortr\u00e4gen aus 14 Fachrichtungen der Medizin, wie z. B. Gastroenterologie, Geriatrie, Urologie, Impfungen usw.<\/p>\n<p>2019\u00a0\u00a0 (M\u00e4rz) zweit\u00e4giger Kongress &#8222;D\u00fcsseldorfer Allergie- und Immunologietage&#8220;<\/p>\n<p>2018\u00a0\u00a0 (September) j\u00e4hrliche Updateveranstaltung f\u00fcr die Behandlung chronischer Wunden<\/p>\n<p>2018\u00a0\u00a0 (September) Update Sonografie Schilddr\u00fcse und Abdomen<\/p>\n<p>2018\u00a0\u00a0 (Juli) Medizinproduktegesetz \/ Dokumentation und Unterweisung<\/p>\n<p>2018\u00a0\u00a0 (Juni) Datenschutz-Grundverordnung<\/p>\n<p>2018\u00a0\u00a0 (Mai) Praxis-Update 2018 Allgemeinmedizin, zweit\u00e4giger Workshop zu Themen der Allgemeinmedizin und vieler anderer Fachrichtungen<\/p>\n<p>2018 \u00a0 (M\u00e4rz) Stressmanagement und Burn-Out<\/p>\n<p>2018 \u00a0 (Januar) Kongress des Niederrheinnetzwerks mit Fortbildungen u. a. aus der Bereichen Diabetes, Herzerkrankungen, Lungenerkrankungen<\/p>\n<p>2017\u00a0\u00a0 (November) Fortbildung zum \u00e4rztlichen Experten f\u00fcr chronische Wunden gem\u00e4\u00df Richtlinien der ICW (Initiative chronische Wunden), mit T\u00dcV-Zertifizierung<\/p>\n<p>2017\u00a0\u00a0 (September) Fortbildung\/Update zur Sonografie und Behandlung von Schilddr\u00fcsenerkrankungen<\/p>\n<p>2017\u00a0\u00a0 (Juni) Radiologische Leistungen<\/p>\n<p>2017\u00a0\u00a0 (Mai) Praxis-Update Allgemeinmedizin, zweit\u00e4giger Workshop zu Themen der Allgemeinmedizin und vieler anderer Fachrichtungen<\/p>\n<p>2017\u00a0\u00a0 (April) Schweigepflicht und Datensicherheit einer EDV-gest\u00fctzten Arztpraxis<\/p>\n<p>2017\u00a0\u00a0 (Februar) DMP All-In-One: Leitliniengerechte Behandlung von Diabetes mellitus, COPD und KHK<\/p>\n","protected":false},"excerpt":{"rendered":"<p>Fortbildungen &nbsp; Mitglied der DEGUM (Deutsche Gesellschaft f\u00fcr Ultraschall in der Medizin) Mitglied der DEGAM (Deutsche Gesellschaft f\u00fcr Allgemeinmedizin) T\u00dcV-zertifizierter [&hellip;]<\/p>\n","protected":false},"author":3,"featured_media":284,"parent":0,"menu_order":0,"comment_status":"closed","ping_status":"closed","template":"","meta":{"_acf_changed":false,"site-sidebar-layout":"default","site-content-layout":"","ast-site-content-layout":"default","site-content-style":"default","site-sidebar-style":"default","ast-global-header-display":"","ast-banner-title-visibility":"","ast-main-header-display":"","ast-hfb-above-header-display":"","ast-hfb-below-header-display":"","ast-hfb-mobile-header-display":"","site-post-title":"","ast-breadcrumbs-content":"","ast-featured-img":"","footer-sml-layout":"","theme-transparent-header-meta":"default","adv-header-id-meta":"","stick-header-meta":"","header-above-stick-meta":"","header-main-stick-meta":"","header-below-stick-meta":"","astra-migrate-meta-layouts":"set","ast-page-background-enabled":"default","ast-page-background-meta":{"desktop":{"background-color":"var(--ast-global-color-4)","background-image":"","background-repeat":"repeat","background-position":"center center","background-size":"auto","background-attachment":"scroll","background-type":"","background-media":"","overlay-type":"","overlay-color":"","overlay-opacity":"","overlay-gradient":""},"tablet":{"background-color":"","background-image":"","background-repeat":"repeat","background-position":"center center","background-size":"auto","background-attachment":"scroll","background-type":"","background-media":"","overlay-type":"","overlay-color":"","overlay-opacity":"","overlay-gradient":""},"mobile":{"background-color":"","background-image":"","background-repeat":"repeat","background-position":"center center","background-size":"auto","background-attachment":"scroll","background-type":"","background-media":"","overlay-type":"","overlay-color":"","overlay-opacity":"","overlay-gradient":""}},"ast-content-background-meta":{"desktop":{"background-color":"var(--ast-global-color-5)","background-image":"","background-repeat":"repeat","background-position":"center center","background-size":"auto","background-attachment":"scroll","background-type":"","background-media":"","overlay-type":"","overlay-color":"","overlay-opacity":"","overlay-gradient":""},"tablet":{"background-color":"var(--ast-global-color-5)","background-image":"","background-repeat":"repeat","background-position":"center center","background-size":"auto","background-attachment":"scroll","background-type":"","background-media":"","overlay-type":"","overlay-color":"","overlay-opacity":"","overlay-gradient":""},"mobile":{"background-color":"var(--ast-global-color-5)","background-image":"","background-repeat":"repeat","background-position":"center center","background-size":"auto","background-attachment":"scroll","background-type":"","background-media":"","overlay-type":"","overlay-color":"","overlay-opacity":"","overlay-gradient":""}},"footnotes":""},"class_list":["post-202","page","type-page","status-publish","has-post-thumbnail","hentry"],"acf":[],"_links":{"self":[{"href":"https:\/\/backend.praxis-tillenburg.de\/index.php\/wp-json\/wp\/v2\/pages\/202","targetHints":{"allow":["GET"]}}],"collection":[{"href":"https:\/\/backend.praxis-tillenburg.de\/index.php\/wp-json\/wp\/v2\/pages"}],"about":[{"href":"https:\/\/backend.praxis-tillenburg.de\/index.php\/wp-json\/wp\/v2\/types\/page"}],"author":[{"embeddable":true,"href":"https:\/\/backend.praxis-tillenburg.de\/index.php\/wp-json\/wp\/v2\/users\/3"}],"replies":[{"embeddable":true,"href":"https:\/\/backend.praxis-tillenburg.de\/index.php\/wp-json\/wp\/v2\/comments?post=202"}],"version-history":[{"count":5,"href":"https:\/\/backend.praxis-tillenburg.de\/index.php\/wp-json\/wp\/v2\/pages\/202\/revisions"}],"predecessor-version":[{"id":261,"href":"https:\/\/backend.praxis-tillenburg.de\/index.php\/wp-json\/wp\/v2\/pages\/202\/revisions\/261"}],"wp:featuredmedia":[{"embeddable":true,"href":"https:\/\/backend.praxis-tillenburg.de\/index.php\/wp-json\/wp\/v2\/media\/284"}],"wp:attachment":[{"href":"https:\/\/backend.praxis-tillenburg.de\/index.php\/wp-json\/wp\/v2\/media?parent=202"}],"curies":[{"name":"wp","href":"https:\/\/api.w.org\/{rel}","templated":true}]}}