{"id":173,"date":"2024-05-04T11:55:19","date_gmt":"2024-05-04T11:55:19","guid":{"rendered":"https:\/\/backend.praxis-tillenburg.de\/?page_id=173"},"modified":"2024-11-24T18:32:23","modified_gmt":"2024-11-24T18:32:23","slug":"oeffnungszeiten","status":"publish","type":"page","link":"https:\/\/backend.praxis-tillenburg.de\/index.php\/oeffnungszeiten\/","title":{"rendered":"\u00d6ffnungszeiten"},"content":{"rendered":"<h1><span style=\"color: #c83c50;\">\u00d6ffnungszeiten:<\/span><\/h1>\n<h4><span style=\"color: #c83c50;\"><strong>Vormittags:<\/strong><\/span><\/h4>\n<p>Montag bis Freitag: 8.00 Uhr bis 10.30 Uhr (Akutsprechstunde ohne Voranmeldung).\u00a0Hier gibt es keine Termine (au\u00dfer f\u00fcr apparative Diagnostik), jeder kommt dran (\u00fcbrigens unabh\u00e4ngig vom Versichertenstatus), muss aber bei gr\u00f6\u00dferem Andrang mit Wartezeiten rechnen.<\/p>\n<p>Montag bis Freitag: 11.15 Uhr bis 12.00 Uhr <strong>nur f\u00fcr Patienten mit infekti\u00f6sen Atemwegserkrankungen nach telefonischer Voranmeldung<\/strong>\u00a0(Erk\u00e4ltung, Grippe, Corona usw.).<\/p>\n<p>&nbsp;<\/p>\n<h4><span style=\"color: #c83c50;\"><strong>Nachmittags:<\/strong><\/span><\/h4>\n<p>Montag: 14.00 Uhr bis 17.30 Uhr (Sprechstunde\u00a0<strong>nur<\/strong>\u00a0nach Termin-Vereinbarung)<br \/>\nDonnerstag: 14.00 Uhr bis 17.30 Uhr (Sprechstunde\u00a0<strong>nur<\/strong>\u00a0nach Termin-Vereinbarung)<\/p>\n<p>Nachmittags sollen in Ruhe und ohne Zeitdruck durch volle Wartezimmer auch komplexere medizinische Probleme er\u00f6rtert werden k\u00f6nnen, auch apparative Untersuchungen werden durchgef\u00fchrt. Nutzen Sie daher die M\u00f6glichkeit der Terminvergabe vor allem f\u00fcr planbare Gespr\u00e4che. Termine k\u00f6nnen f\u00fcr Patienten unserer Praxis pers\u00f6nlich, telefonisch oder per Email vereinbart werden. Bei Neupatienten vergeben wir Termine ausschlie\u00dflich telefonisch oder bei einem Besuch unserer Praxis. Emailanfragen sind hier zwecklos und werden aufgrund der starken Beanspruchung unserer Praxis auch nicht beantwortet &#8211; wir haben einfach keine Zeit dazu.<\/p>\n<p>In absoluten Notf\u00e4llen k\u00f6nnen Sie auch ohne Termin kommen, an den Nachmittagen haben jedoch Patienten mit Termin unbedingten Vorrang. Ohne Termin m\u00fcssen Sie auf eine L\u00fccke hoffen oder kommen an das Ende der Tagesliste. Ausgenommen hiervon sind nat\u00fcrlich akute, das Leben oder die Gesundheit bedrohende Notf\u00e4lle, die immer Vorrang vor allem anderen haben.<\/p>\n<p>&nbsp;<\/p>\n<h3><span style=\"color: #c83c50;\"><strong>Die von Google in deren &#8222;Profil&#8220; meiner Homepage angegebenen Praxiszeiten sind falsch und von mir nicht autorisiert. Ich \u00fcbernehme f\u00fcr diese Falschangaben keine Verantwortung. Grunds\u00e4tzlich arbeite ich nicht mit Google zusammen, da in deren Suchmaschinen sowie bei YouTube Daten zensiert werden.<\/strong><\/span><\/h3>\n<p>&nbsp;<\/p>\n<p>Bei fehlender Patientennachfrage behalten wir uns vor, die Sprechstunde nach dem letzten Patienten zu beenden. An Donnerstagen dauert die Sprechstunde auf jeden Fall bis mindestens 17.00 Uhr, je nach Bedarf auch l\u00e4nger.<\/p>\n<p>&nbsp;<\/p>\n<h4><span style=\"color: #c83c50;\"><strong>Praxisanschrift:<\/strong><\/span><\/h4>\n<p>Ralf Tillenburg, Facharzt f\u00fcr Allgemeinmedizin, 40627 D\u00fcsseldorf, Breidenplatz 14, Telefon: 0211-203369<\/p>\n<h4><span style=\"color: #c83c50;\"><strong>Hinweis f\u00fcr Anfahrt mit Navigationsger\u00e4t:<\/strong><\/span><\/h4>\n<p>Geben Sie als Ziel &#8222;Am Pfaffenbusch&#8220; an, Ecke &#8222;Am Spindelbusch&#8220; und parken Sie auf dem dortigen Parkplatz. Die Praxis ist in unmittelbarer N\u00e4he.<\/p>\n","protected":false},"excerpt":{"rendered":"<p>\u00d6ffnungszeiten: Vormittags: Montag bis Freitag: 8.00 Uhr bis 10.30 Uhr (Akutsprechstunde ohne Voranmeldung).\u00a0Hier gibt es keine Termine (au\u00dfer f\u00fcr apparative [&hellip;]<\/p>\n","protected":false},"author":3,"featured_media":282,"parent":0,"menu_order":0,"comment_status":"closed","ping_status":"closed","template":"","meta":{"_acf_changed":false,"site-sidebar-layout":"default","site-content-layout":"","ast-site-content-layout":"default","site-content-style":"default","site-sidebar-style":"default","ast-global-header-display":"","ast-banner-title-visibility":"","ast-main-header-display":"","ast-hfb-above-header-display":"","ast-hfb-below-header-display":"","ast-hfb-mobile-header-display":"","site-post-title":"","ast-breadcrumbs-content":"","ast-featured-img":"","footer-sml-layout":"","theme-transparent-header-meta":"default","adv-header-id-meta":"","stick-header-meta":"","header-above-stick-meta":"","header-main-stick-meta":"","header-below-stick-meta":"","astra-migrate-meta-layouts":"set","ast-page-background-enabled":"default","ast-page-background-meta":{"desktop":{"background-color":"var(--ast-global-color-4)","background-image":"","background-repeat":"repeat","background-position":"center center","background-size":"auto","background-attachment":"scroll","background-type":"","background-media":"","overlay-type":"","overlay-color":"","overlay-opacity":"","overlay-gradient":""},"tablet":{"background-color":"","background-image":"","background-repeat":"repeat","background-position":"center center","background-size":"auto","background-attachment":"scroll","background-type":"","background-media":"","overlay-type":"","overlay-color":"","overlay-opacity":"","overlay-gradient":""},"mobile":{"background-color":"","background-image":"","background-repeat":"repeat","background-position":"center center","background-size":"auto","background-attachment":"scroll","background-type":"","background-media":"","overlay-type":"","overlay-color":"","overlay-opacity":"","overlay-gradient":""}},"ast-content-background-meta":{"desktop":{"background-color":"var(--ast-global-color-5)","background-image":"","background-repeat":"repeat","background-position":"center center","background-size":"auto","background-attachment":"scroll","background-type":"","background-media":"","overlay-type":"","overlay-color":"","overlay-opacity":"","overlay-gradient":""},"tablet":{"background-color":"var(--ast-global-color-5)","background-image":"","background-repeat":"repeat","background-position":"center center","background-size":"auto","background-attachment":"scroll","background-type":"","background-media":"","overlay-type":"","overlay-color":"","overlay-opacity":"","overlay-gradient":""},"mobile":{"background-color":"var(--ast-global-color-5)","background-image":"","background-repeat":"repeat","background-position":"center center","background-size":"auto","background-attachment":"scroll","background-type":"","background-media":"","overlay-type":"","overlay-color":"","overlay-opacity":"","overlay-gradient":""}},"footnotes":""},"class_list":["post-173","page","type-page","status-publish","has-post-thumbnail","hentry"],"acf":[],"_links":{"self":[{"href":"https:\/\/backend.praxis-tillenburg.de\/index.php\/wp-json\/wp\/v2\/pages\/173","targetHints":{"allow":["GET"]}}],"collection":[{"href":"https:\/\/backend.praxis-tillenburg.de\/index.php\/wp-json\/wp\/v2\/pages"}],"about":[{"href":"https:\/\/backend.praxis-tillenburg.de\/index.php\/wp-json\/wp\/v2\/types\/page"}],"author":[{"embeddable":true,"href":"https:\/\/backend.praxis-tillenburg.de\/index.php\/wp-json\/wp\/v2\/users\/3"}],"replies":[{"embeddable":true,"href":"https:\/\/backend.praxis-tillenburg.de\/index.php\/wp-json\/wp\/v2\/comments?post=173"}],"version-history":[{"count":11,"href":"https:\/\/backend.praxis-tillenburg.de\/index.php\/wp-json\/wp\/v2\/pages\/173\/revisions"}],"predecessor-version":[{"id":354,"href":"https:\/\/backend.praxis-tillenburg.de\/index.php\/wp-json\/wp\/v2\/pages\/173\/revisions\/354"}],"wp:featuredmedia":[{"embeddable":true,"href":"https:\/\/backend.praxis-tillenburg.de\/index.php\/wp-json\/wp\/v2\/media\/282"}],"wp:attachment":[{"href":"https:\/\/backend.praxis-tillenburg.de\/index.php\/wp-json\/wp\/v2\/media?parent=173"}],"curies":[{"name":"wp","href":"https:\/\/api.w.org\/{rel}","templated":true}]}}