{"id":156,"date":"2024-05-03T17:14:50","date_gmt":"2024-05-03T17:14:50","guid":{"rendered":"https:\/\/backend.praxis-tillenburg.de\/?page_id=156"},"modified":"2026-04-02T08:56:19","modified_gmt":"2026-04-02T08:56:19","slug":"impfgeschaedigte","status":"publish","type":"page","link":"https:\/\/backend.praxis-tillenburg.de\/index.php\/impfgeschaedigte\/","title":{"rendered":"Impfgesch\u00e4digte"},"content":{"rendered":"<h1><span style=\"color: #c83c50;\">Hinweise f\u00fcr Impfgesch\u00e4digte der Corona-Genspritze<\/span><\/h1>\n<p><strong>Bitte beachten sie meinen Patientenbrief f\u00fcr Impfgesch\u00e4digte! Downloadlink unten am Ende des Artikels<\/strong><\/p>\n<p>Aufgrund der deutlich zunehmenden F\u00e4lle von Menschen, die nach der Corona-Impfung Beschwerden entwickelt haben, die vorher nicht bekannt waren, und die aufgrund dessen Folge der Impfung sein k\u00f6nnen, bietet unsere Praxis umfassende M\u00f6glichkeiten der Abkl\u00e4rung. Wenn sie daran Interesse haben, setzten Sie sich telefonisch mit uns in Verbindung, leider betr\u00e4gt die Wartezeit auf einen Termin aufgrund des hohen Andrangs bei mir aktuell sechs Monate (Stand November 2024).<\/p>\n<h4><span style=\"color: #c83c50;\"><strong>Wegen \u00dcberlastung k\u00f6nnen wir aktuell nur eingeschr\u00e4nkt neue Termine vergeben. Dies gilt bis auf weiteres. Die Termine f\u00fcr den Monat November 2026 werden ab 4.5.26 ausschlie\u00dflich telefonisch vergeben.\u00a0<\/strong><\/span><\/h4>\n<p><strong>Aufgrund der Vielzahl der Anfragen kann es etwas dauern, bis Sie zu uns durchkommen. Daf\u00fcr bitten wir um Verst\u00e4ndnis.<\/strong><\/p>\n<h4><span style=\"color: #c83c50;\"><strong>Anfragen per Mail, Fax oder Brief k\u00f6nnen wir leider nicht ber\u00fccksichtigen.<\/strong><\/span><\/h4>\n<p>Sollten Sie weit von unserer Praxis entfernt leben, kann das <strong>Erstgespr\u00e4ch nach Termin auch telefonisch<\/strong> erfolgen. In diesem Fall ben\u00f6tigen wir vorab Ihre Versichertenkarte (Kopie von beiden Seiten), Adresse, Tel.-Nr, und Geburtsdatum.<\/p>\n<p>Wichtig: In eng begrenzten Einzelf\u00e4llen werden wir Betroffene auch unter Umgehung der Wartezeit schneller betreuen. In welchen F\u00e4llen das m\u00f6glich ist, erfahren Sie ausschlie\u00dflich telefonisch bei uns.<\/p>\n<p><strong>Bitte senden Sie mir vor dem Erstgespr\u00e4ch keine Unterlagen und Befunde.<\/strong>\u00a0Ich habe definitiv nicht die Zeit, diese zu lesen. Ob, und wenn ja, welche Befunde ich ben\u00f6tige, wird beim Erstgespr\u00e4ch festgelegt.<\/p>\n<p>Die weitergehende Diagnostik (\u00fcberwiegend Labor) ist abh\u00e4ngig von Ihren aktuell bestehenden Beschwerden. Sie bekommen nach dem Erstgespr\u00e4ch einen Vorschlag, welche Abkl\u00e4rung sinnvoll ist.<\/p>\n<h4><span style=\"color: #ff0000;\"><strong>Bitte beachten Sie: Eine Blutabnahme kann aus logistischen Gr\u00fcnden nicht am Tag des Erstgespr\u00e4chs stattfinden, daf\u00fcr bekommen Sie also einen neuen, zeitnahen Termin bei uns.<\/strong><\/span><\/h4>\n<p>Sollten Sie ein lange Anreise zu unserer Praxis haben und diese Anreise f\u00fcr Sie beschwerlich sein, ist es also sinnvoller, den Ersttermin telefonisch zu machen. Auch bei dem Tag der dann vereinbarten Blutentnahme haben Sie immer noch die M\u00f6glichkeit, mit mir zu sprechen.<\/p>\n<p>Nach meiner Erfahrung l\u00e4sst sich mit dem \u00fcblichen Hausarzt-Labor ein Impfschaden nicht belegen, auch die Untersuchungen in Krankenh\u00e4usern f\u00fchren in der Regel nicht weiter. Zur Abkl\u00e4rung Ihres Schadens sind meist Spezialuntersuchungen notwendig, die nur an wenigen Laboren in Deutschland durchgef\u00fchrt werden. Diese Labore k\u00f6nnen jedoch nicht mit den Krankenkassen abrechnen, weswegen die entsprechenden Untersuchungen Ihnen als Privatleistung in Rechnung gestellt werden m\u00fcssen. \u00dcber entstehende Kosten informiere ich Sie immer vorher, und nat\u00fcrlich haben Sie das Recht, Nein zu sagen.<\/p>\n<p>Es handelt sich hier \u00fcberwiegend um Laborkosten, die Rechnung kommt auch aus den entsprechenden Labors, dazu kommt eine Aufwandsentsch\u00e4digung von 15 Euro, die ich wegen des hohen organisatorischen Aufwands berechne. Die weitere Beratung durch mich, Besprechung der Ergebnisse und Aufstellung eines Therapieplans werden stets \u00fcber die gesetzliche Krankenkasse bzw. bei Privatpatienten nach einer vorher getroffenen Vereinbarung nach GO\u00c4 abgerechnet.<\/p>\n<p>Ich arbeite hier mit den Laboren Biovis in Limburg, mmd in Magdeburg und IMD in Berlin zusammen. Bei Mikrobiom-Untersuchungen (Darmflora) nutze ich das Labor Lab4more in M\u00fcnchen.<\/p>\n<p>Sollten Sie aufgrund gro\u00dfer Entfernung zu meiner Praxis das Blut anderswo abnehmen lassen, achten sie bitte darauf, dass genau diese besprochenen Laborwerte bei genau diesen Laboren bestimmt werden.<\/p>\n<p>Nach Eingang aller Befunde wird im Rahmen eines erneuten Gespr\u00e4chs dann die Therapie festgelegt, die mangels vorhandener schulmedizinischer Konzepte ebenfalls \u00fcberwiegend aus Nahrungserg\u00e4nzungsmitteln bestehen wird.<\/p>\n<p>Nach meinen Erfahrungen sind schnelle Heilungen nach Impfung kaum m\u00f6glich. Richten Sie sich daher je nach Diagnosen auf eine Therapiedauer von mindestens 6-12 Monaten ein, bis alle Beschwerden verschwunden sind oder zumindest eine f\u00fcr Sie akzeptable Lebensqualit\u00e4t erreicht ist.<\/p>\n<p>Ich biete Ihnen mein Wissen zu den komplexen Folgen der Impfung, deren Diagnostik und Therapie an, basierend auf zahlreichen Fortbildungen. Ich bilde mich auch weiter fort und lese viele neue Studien zu diesem Thema. Neben diesen Studien bin ich vor allem beeinflusst von Florian Schilling, der vermutlich in Deutschland das gr\u00f6\u00dfte Wissen zu diesem Thema hat und es in Fortbildungen wissenschaftlich orientiert sehr gut vermittelt.<\/p>\n<p>Leider sind meine zeitlichen Kapazit\u00e4ten inzwischen weitgehend ausgesch\u00f6pft. Dies f\u00fchrt dazu, dass die Wartezeit auf einen Termin derzeit ca. 6 Monate betr\u00e4gt. Bitte verstehen Sie auch, dass die Beantwortung von Mails etwas dauern kann. Sollten Sie innerhalb von\u00a04\u00a0Wochen keine Antwort bekommen, d\u00fcrfen Sie mich gerne erinnern. Ich habe volles Verst\u00e4ndnis f\u00fcr Ihre Ungeduld.<\/p>\n<p>Mein Tag hat nur 24 Stunden, daher muss ich mich irgendwie begrenzen. Ich werde bevorzugt Patienten betreuen, die Diagnostik und Therapie \u00fcberwiegend mit mir durchf\u00fchren lassen, hier habe ich dann einfach den besten \u00dcberblick. Nat\u00fcrlich ist es Ihr gutes Recht, auch andere Meinungen einzuholen, daf\u00fcr habe ich volles Verst\u00e4ndnis. Wenn Sie sich jedoch von mehreren Therapeuten behandeln lassen, steigt das Risiko, dass diese unbewusst gegeneinander therapieren, damit geben sie zwar mehr Geld aus, haben aber weniger Erfolgsaussichten. Denken Sie immer daran: Viele K\u00f6che verderben den Brei!<\/p>\n<p>Ich bitte auch um Verst\u00e4ndnis, dass ich Fremdbefunde, die ich nicht empfohlen habe, auch nicht kommentieren und bewerten werde. Zum einen habe ich dazu keine Zeit, zum anderen erlebe ich immer wieder, dass zur Abkl\u00e4rung von Impfsch\u00e4den v\u00f6llig unn\u00f6tige Untersuchungen durchgef\u00fchrt und Befunde erhoben werden. Nat\u00fcrlich steht es Ihnen frei, das machen zu lassen, aber lassen Sie sich das Ergebnis von dem Heilkundigen (Arzt, Heilpraktiker) erkl\u00e4ren, der diese Untersuchung veranlasst hat.<\/p>\n<p>Sollten Sie trotzdem eine Beurteilung von Fremdbefunden hinsichtlich der M\u00f6glichkeit eines Impfschaden inkl. entsprechender Best\u00e4tigung (Gutachten) von mir w\u00fcnschen, ist dies grunds\u00e4tzlich m\u00f6glich, aber kostenpflichtig.<\/p>\n<p>Ich f\u00fchre die Abkl\u00e4rung und Therapie von Impfnebenwirkungen ausschlie\u00dflich in deutscher Sprache durch. Meine Fremdsprachenkenntnisse sind begrenzt, und mir fehlt die Zeit, \u00dcbersetzungsarbeiten durchzuf\u00fchren.<\/p>\n<p>Wichtige Informationen zu Diagnostik und Therapie von Impfnebenwirkungen finden Sie auch auf meiner weiteren Internetseite <a href=\"http:\/\/www.info-medico.de\" target=\"_blank\" rel=\"noopener\">www.info-medico.de<\/a>. Es lohnt sich also, dort regelm\u00e4\u00dfig reinzuschauen.<\/p>\n<p>&nbsp;<\/p>\n<h3><span style=\"color: #c83c50;\"><strong>Ein offenes Wort zum Schluss:<\/strong><\/span><\/h3>\n<p>Immer noch kommen Impfgesch\u00e4digte, getrieben von der Angst vor Infektionen, mit einer Maske (meist FFP2) in meine Praxis.<\/p>\n<p>Wer jedoch immer noch nicht begriffen hat, dass die Behauptung zur Wirksamkeit von Masken gegen Atemwegsinfektionen eine genauso gro\u00dfe L\u00fcge war wie die Aussage zur Wirksamkeit und Unsch\u00e4dlichkeit der Impfung, wer immer noch bereit ist, seine Gesundheit durch das Tragen von Masken ernsthaft zu sch\u00e4digen, der wird in meiner Praxis keine Hilfe finden k\u00f6nnen. Ich kann nur Menschen helfen, die mir vertrauen, ihre Angst ablegen und positiv nach vorne schauen.<\/p>\n<p>Die Unwirksamkeit von Masken (egal, ob medizinisch oder FFP2) wurde ja nun in fast 200 Studien in den letzten Jahrzehnten nachgewiesen, und zu den schweren Nebenwirkungen bei dauerhaftem Maskentragen und den zahlreichen Giften in den Masken gibt es auch zahlreiche Studien. Auch die ungeschw\u00e4rzten Dokumente des RKI der letzten vier Jahre belegen ja eindeutig, dass die Masken nicht zum Schutz vor Ansteckung geeignet sind und die Maskenpflicht eine rein politische Entscheidung ohne wissenschaftliche Evidenz war.<\/p>\n<p>Ich kann Ihnen auch nicht helfen, wenn Sie die empfohlenen Pr\u00e4parate aus Angst vor Nebenwirkungen oder anderen Gr\u00fcnden nicht einnehmen wollen. Ich kann und werde auch nicht dar\u00fcber diskutieren, ob ein von mir empfohlenes Pr\u00e4parat vegetarischen oder veganen Anspr\u00fcchen gen\u00fcgt. Ohne Ihren Einsatz, Ihren absoluten Willen, gesund zu werden, auch wenn es Kraft, Nerven und anderes kostet, wird nichts m\u00f6glich sein. In diesen F\u00e4llen verschwende ich nur meine Zeit und widme diese lieber den Betroffenen, die diesen Willen zum Gesundwerden wirklich haben und leben.<\/p>\n<p>Ich h\u00f6re in letzter Zeit vermehrt S\u00e4tze wie \u201eMein Hausarzt hat mir von der Therapie abgeraten\u201c oder \u201eMein Heilpraktiker meint, ich soll das Pr\u00e4parat XYZ besser nicht nehmen\u201c. Ich werde solche Aussagen nicht mehr kommentieren, ich habe aufgrund des hohen Andrangs leider keine Zeit, diesbez\u00fcglich Diskussionen zu f\u00fchren. Sie d\u00fcrfen und m\u00fcssen selbst entscheiden, wem Sie mehr vertrauen, Ihrem Hausarzt\/Heilpraktiker, oder mir. Fragen Sie den entsprechenden Therapeuten aber einmal, welche konkreten Fortbildungen er zum Thema Impfnebenwirkungen denn absolviert hat.<\/p>\n<p>Wichtige weitere Informationen, auch zur \u00dcberbr\u00fcckung der Wartezeit bis zum Termin bei mir,\u00a0finden Sie <a href=\"https:\/\/backend.praxis-tillenburg.de\/wp-content\/uploads\/2025\/01\/Grundprinzipien-der-Therapie-Impfgeschaedigter-V5.pdf\" target=\"_blank\" rel=\"noopener\">hier als Download<\/a>. Darin enthalten sind auch Therapie-Empfehlungen, mit denen Sie sofort starten k\u00f6nnen, um schon jetzt etwas f\u00fcr Ihre Gesundung zu tun. Aktuell ist die Version V5 von November 2024.<\/p>\n<p>Diese Infos d\u00fcrfen beliebig weitergegeben werden.<\/p>\n<p>&nbsp;<\/p>\n","protected":false},"excerpt":{"rendered":"<p>Hinweise f\u00fcr Impfgesch\u00e4digte der Corona-Genspritze Bitte beachten sie meinen Patientenbrief f\u00fcr Impfgesch\u00e4digte! Downloadlink unten am Ende des Artikels Aufgrund der [&hellip;]<\/p>\n","protected":false},"author":1,"featured_media":304,"parent":0,"menu_order":0,"comment_status":"closed","ping_status":"closed","template":"","meta":{"_acf_changed":false,"site-sidebar-layout":"default","site-content-layout":"","ast-site-content-layout":"default","site-content-style":"default","site-sidebar-style":"default","ast-global-header-display":"","ast-banner-title-visibility":"","ast-main-header-display":"","ast-hfb-above-header-display":"","ast-hfb-below-header-display":"","ast-hfb-mobile-header-display":"","site-post-title":"","ast-breadcrumbs-content":"","ast-featured-img":"","footer-sml-layout":"","theme-transparent-header-meta":"default","adv-header-id-meta":"","stick-header-meta":"","header-above-stick-meta":"","header-main-stick-meta":"","header-below-stick-meta":"","astra-migrate-meta-layouts":"set","ast-page-background-enabled":"default","ast-page-background-meta":{"desktop":{"background-color":"var(--ast-global-color-4)","background-image":"","background-repeat":"repeat","background-position":"center center","background-size":"auto","background-attachment":"scroll","background-type":"","background-media":"","overlay-type":"","overlay-color":"","overlay-opacity":"","overlay-gradient":""},"tablet":{"background-color":"","background-image":"","background-repeat":"repeat","background-position":"center center","background-size":"auto","background-attachment":"scroll","background-type":"","background-media":"","overlay-type":"","overlay-color":"","overlay-opacity":"","overlay-gradient":""},"mobile":{"background-color":"","background-image":"","background-repeat":"repeat","background-position":"center center","background-size":"auto","background-attachment":"scroll","background-type":"","background-media":"","overlay-type":"","overlay-color":"","overlay-opacity":"","overlay-gradient":""}},"ast-content-background-meta":{"desktop":{"background-color":"var(--ast-global-color-5)","background-image":"","background-repeat":"repeat","background-position":"center center","background-size":"auto","background-attachment":"scroll","background-type":"","background-media":"","overlay-type":"","overlay-color":"","overlay-opacity":"","overlay-gradient":""},"tablet":{"background-color":"var(--ast-global-color-5)","background-image":"","background-repeat":"repeat","background-position":"center center","background-size":"auto","background-attachment":"scroll","background-type":"","background-media":"","overlay-type":"","overlay-color":"","overlay-opacity":"","overlay-gradient":""},"mobile":{"background-color":"var(--ast-global-color-5)","background-image":"","background-repeat":"repeat","background-position":"center center","background-size":"auto","background-attachment":"scroll","background-type":"","background-media":"","overlay-type":"","overlay-color":"","overlay-opacity":"","overlay-gradient":""}},"footnotes":""},"class_list":["post-156","page","type-page","status-publish","has-post-thumbnail","hentry"],"acf":[],"_links":{"self":[{"href":"https:\/\/backend.praxis-tillenburg.de\/index.php\/wp-json\/wp\/v2\/pages\/156","targetHints":{"allow":["GET"]}}],"collection":[{"href":"https:\/\/backend.praxis-tillenburg.de\/index.php\/wp-json\/wp\/v2\/pages"}],"about":[{"href":"https:\/\/backend.praxis-tillenburg.de\/index.php\/wp-json\/wp\/v2\/types\/page"}],"author":[{"embeddable":true,"href":"https:\/\/backend.praxis-tillenburg.de\/index.php\/wp-json\/wp\/v2\/users\/1"}],"replies":[{"embeddable":true,"href":"https:\/\/backend.praxis-tillenburg.de\/index.php\/wp-json\/wp\/v2\/comments?post=156"}],"version-history":[{"count":41,"href":"https:\/\/backend.praxis-tillenburg.de\/index.php\/wp-json\/wp\/v2\/pages\/156\/revisions"}],"predecessor-version":[{"id":444,"href":"https:\/\/backend.praxis-tillenburg.de\/index.php\/wp-json\/wp\/v2\/pages\/156\/revisions\/444"}],"wp:featuredmedia":[{"embeddable":true,"href":"https:\/\/backend.praxis-tillenburg.de\/index.php\/wp-json\/wp\/v2\/media\/304"}],"wp:attachment":[{"href":"https:\/\/backend.praxis-tillenburg.de\/index.php\/wp-json\/wp\/v2\/media?parent=156"}],"curies":[{"name":"wp","href":"https:\/\/api.w.org\/{rel}","templated":true}]}}